{"id":1123,"date":"2025-12-02T11:42:21","date_gmt":"2025-12-02T11:42:21","guid":{"rendered":"https:\/\/metricboost.io\/es\/?page_id=1123"},"modified":"2026-03-12T07:50:44","modified_gmt":"2026-03-12T07:50:44","slug":"geogrid-rank-tracker","status":"publish","type":"page","link":"https:\/\/metricboost.io\/es\/geogrid-rank-tracker\/","title":{"rendered":"geogrid"},"content":{"rendered":"\n<div class=\"wp-block-uagb-container uagb-block-bcd41e51 alignfull uagb-is-root-container\">\n<div class=\"wp-block-group is-layout-constrained wp-block-group-is-layout-constrained\">\n<div class=\"wp-block-uagb-container uagb-block-9e9073f3 default uagb-is-root-container\">\n<div class=\"wp-block-group is-layout-constrained wp-block-group-is-layout-constrained\">\n<div class=\"wp-block-group is-layout-constrained wp-block-group-is-layout-constrained\">\n<div class=\"wp-block-group is-layout-constrained wp-block-group-is-layout-constrained\">\n<div class=\"wp-block-uagb-container uagb-block-3f09b8d4\">\n<p class=\"has-text-align-center has-ast-global-color-5-color has-text-color has-link-color wp-elements-d1cd72c682dcaf13de85e0b4e3e4bb02\" style=\"margin-top:var(--wp--preset--spacing--60);margin-bottom:0\">GEOGRID RANK TRACKER<\/p>\n\n\n\n<div class=\"wp-block-uagb-container uagb-block-4c26d48b\">\n<div class=\"wp-block-uagb-advanced-heading uagb-block-c01a3592 titulo-metricboost\"><h1 class=\"uagb-heading-text\">Adi\u00f3s al \u201cun grid para todo\u201d. <strong>Hola al SEO local, capa por capa.<\/strong><\/h1><\/div>\n<\/div>\n\n\n\n<div class=\"wp-block-group is-layout-constrained wp-container-core-group-is-layout-92ef7b19 wp-block-group-is-layout-constrained\">\n<p class=\"has-text-align-center has-ast-global-color-5-color has-text-color has-link-color wp-elements-1fc5761b42958aaeca2237b65ec23f63\" style=\"padding-right:0;padding-left:0\">Rastrea tu ranking en Google Maps y el Local Pack directamente desde las SERPs \u2014potenciado con el Local Finder\u2014 filtrando por resultados org\u00e1nicos, IA y Ads en un solo escaneo de Geo-Grid.<\/p>\n<\/div>\n\n\n\n<div class=\"wp-block-uagb-buttons uagb-buttons__outer-wrap uagb-btn__default-btn uagb-btn-tablet__default-btn uagb-btn-mobile__default-btn uagb-block-25f6fc04\"><div class=\"uagb-buttons__wrap uagb-buttons-layout-wrap \">\n<div class=\"wp-block-uagb-buttons-child uagb-buttons__outer-wrap uagb-block-d1d3eecf wp-block-button\"><div class=\"uagb-button__wrapper\"><a class=\"uagb-buttons-repeater wp-block-button__link\" aria-label=\"\" href=\"https:\/\/panel.metricboost.io\/login\" rel=\"nofollow noopener\" target=\"_self\" role=\"button\"><div class=\"uagb-button__link\">Hacer un GeoGrid gratis <\/div><\/a><\/div><\/div>\n<\/div><\/div>\n<\/div>\n<\/div>\n<\/div>\n<\/div>\n<\/div>\n<\/div>\n<\/div>\n\n\n\n<div class=\"wp-block-group is-layout-constrained wp-block-group-is-layout-constrained\">\n<div class=\"wp-block-group is-layout-constrained wp-container-core-group-is-layout-f36bc466 wp-block-group-is-layout-constrained\">\n<div class=\"wp-block-group is-layout-constrained wp-block-group-is-layout-constrained\">\n<div class=\"wp-block-uagb-container uagb-block-2b060507 alignfull uagb-is-root-container\"><div class=\"uagb-container-inner-blocks-wrap\">\n<div class=\"wp-block-group is-layout-constrained wp-block-group-is-layout-constrained\">\n<h2 class=\"wp-block-heading has-text-align-center\">Presentamos tu nuevo GeoGrid Rank Tracker<\/h2>\n<\/div>\n\n\n\n<p class=\"has-text-align-center\">Por fin una herramienta que muestra tu posici\u00f3n real en Google Maps y en el Local Finder, punto por punto, sin suposiciones ni atajos. Ve exactamente d\u00f3nde est\u00e1s, detecta oportunidades y descubre d\u00f3nde puedes crecer.<\/p>\n<\/div><\/div>\n<\/div>\n<\/div>\n<\/div>\n\n\n\n<div class=\"wp-block-uagb-container uagb-block-6b2c317b alignfull uagb-is-root-container\"><div class=\"uagb-container-inner-blocks-wrap\">\n<div class=\"wp-block-uagb-container uagb-block-fa5bbf8a\">\n<div class=\"wp-block-uagb-advanced-heading uagb-block-37d8bf12\"><h3 class=\"uagb-heading-text\">Maps vs. Local Pack: No son iguales<\/h3><\/div>\n\n\n\n<p>Visualiza tu ranking exacto en Google Maps y en el Local Pack extendido, incluyendo posiciones m\u00e1s all\u00e1 del Top 3. La misma ubicaci\u00f3n puede mostrar resultados muy distintos \u2014puedes ser el #15 en Maps pero el #1 en el Local Pack\u2014Reconocer estas diferencias te permite <strong>optimizar con precisi\u00f3n para cada canal.<\/strong><\/p>\n<\/div>\n\n\n\n<div class=\"wp-block-uagb-container uagb-block-6efd79a7\">\n<div class=\"wp-block-uagb-image uagb-block-5d2dae5c wp-block-uagb-image--layout-default wp-block-uagb-image--effect-static wp-block-uagb-image--align-none\"><figure class=\"wp-block-uagb-image__figure\"><img decoding=\"async\" srcset=\"https:\/\/metricboost.io\/es\/wp-content\/uploads\/sites\/2\/2026\/02\/local-finder-vs-maps.webp ,http:\/\/metricboost.io\/es\/wp-content\/uploads\/sites\/2\/2026\/02\/local-finder-vs-maps.webp 780w, http:\/\/metricboost.io\/es\/wp-content\/uploads\/sites\/2\/2026\/02\/local-finder-vs-maps.webp 360w\" sizes=\"auto, (max-width: 480px) 150px\" src=\"https:\/\/metricboost.io\/es\/wp-content\/uploads\/sites\/2\/2026\/02\/local-finder-vs-maps.webp\" alt=\"\" class=\"uag-image-1540\" width=\"1200\" height=\"800\" title=\"local-finder-vs-maps\" loading=\"lazy\" role=\"img\"\/><\/figure><\/div>\n<\/div>\n<\/div><\/div>\n\n\n\n<div class=\"wp-block-uagb-container uagb-block-246a2f1a alignfull uagb-is-root-container\"><div class=\"uagb-container-inner-blocks-wrap\">\n<div class=\"wp-block-uagb-container uagb-block-db114064\">\n<div class=\"wp-block-uagb-advanced-heading uagb-block-b7187dea\"><h3 class=\"uagb-heading-text\">Crea tu grid \u2014 A tu manera<\/h3><\/div>\n\n\n\n<p>Crea grids tan peque\u00f1os como una acera o tan grandes como un pa\u00eds entero, centrados en cualquier lugar \u2014Barcelona, Nueva York o incluso Tombuct\u00fa\u2014. Arrastra los puntos, ajusta el espaciado y elimina las ubicaciones que no necesites. C\u00e9ntrate exactamente donde necesitas los datos.<\/p>\n<\/div>\n\n\n\n<div class=\"wp-block-uagb-container uagb-block-b1a3a756\">\n<div class=\"wp-block-uagb-image uagb-block-62d88786 wp-block-uagb-image--layout-default wp-block-uagb-image--effect-static wp-block-uagb-image--align-none\"><figure class=\"wp-block-uagb-image__figure\"><img decoding=\"async\" srcset=\"https:\/\/metricboost.io\/es\/wp-content\/uploads\/sites\/2\/2026\/02\/local-pack.webp ,http:\/\/metricboost.io\/es\/wp-content\/uploads\/sites\/2\/2026\/02\/local-pack.webp 780w, http:\/\/metricboost.io\/es\/wp-content\/uploads\/sites\/2\/2026\/02\/local-pack.webp 360w\" sizes=\"auto, (max-width: 480px) 150px\" src=\"https:\/\/metricboost.io\/es\/wp-content\/uploads\/sites\/2\/2026\/02\/local-pack.webp\" alt=\"\" class=\"uag-image-1544\" width=\"1200\" height=\"800\" title=\"local-pack\" loading=\"lazy\" role=\"img\"\/><\/figure><\/div>\n<\/div>\n<\/div><\/div>\n\n\n\n<div class=\"wp-block-uagb-container uagb-block-69602210 alignfull uagb-is-root-container\"><div class=\"uagb-container-inner-blocks-wrap\">\n<div class=\"wp-block-uagb-container uagb-block-e1046be4\">\n<div class=\"wp-block-uagb-advanced-heading uagb-block-fe86f191\"><h3 class=\"uagb-heading-text\">Mira qui\u00e9n puja por anuncios en tu territorio<\/h3><\/div>\n\n\n\n<p>Compara resultados org\u00e1nicos y Google Ads en cada punto del mapa. Mira exactamente qui\u00e9n est\u00e1 ganando por SEO, qui\u00e9n est\u00e1 pagando por aparecer y <strong>qui\u00e9n se lleva los clientes.<\/strong><\/p>\n<\/div>\n\n\n\n<div class=\"wp-block-uagb-container uagb-block-d0415cdc\">\n<div class=\"wp-block-uagb-image uagb-block-d36577fd wp-block-uagb-image--layout-default wp-block-uagb-image--effect-static wp-block-uagb-image--align-none\"><figure class=\"wp-block-uagb-image__figure\"><img decoding=\"async\" srcset=\"https:\/\/metricboost.io\/es\/wp-content\/uploads\/sites\/2\/2026\/02\/Google-maps-ads-1.webp ,https:\/\/metricboost.io\/es\/wp-content\/uploads\/sites\/2\/2026\/02\/Google-maps-ads-1.webp 780w, https:\/\/metricboost.io\/es\/wp-content\/uploads\/sites\/2\/2026\/02\/Google-maps-ads-1.webp 360w\" sizes=\"auto, (max-width: 480px) 150px\" src=\"https:\/\/metricboost.io\/es\/wp-content\/uploads\/sites\/2\/2026\/02\/Google-maps-ads-1.webp\" alt=\"\" class=\"uag-image-1546\" width=\"1200\" height=\"800\" title=\"Google-maps-ads (1)\" loading=\"lazy\" role=\"img\"\/><\/figure><\/div>\n<\/div>\n<\/div><\/div>\n\n\n\n<div class=\"wp-block-uagb-container uagb-block-2c84a217 alignfull uagb-is-root-container\"><div class=\"uagb-container-inner-blocks-wrap\">\n<div class=\"wp-block-uagb-container uagb-block-80c3d808\">\n<div class=\"wp-block-uagb-advanced-heading uagb-block-595586b1\"><h3 class=\"uagb-heading-text\">Escaneos en piloto autom\u00e1tico<\/h3><\/div>\n\n\n\n<p><strong>Programa tus grids<\/strong> para escanear autom\u00e1ticamente \u2014cada hora, a diario o con la frecuencia que desees\u2014. Observa lo que ocurre cuando tu negocio cierra e identifica oportunidades mientras los dem\u00e1s duermen.<\/p>\n<\/div>\n\n\n\n<div class=\"wp-block-uagb-container uagb-block-e210cbcb\">\n<div class=\"wp-block-uagb-image uagb-block-c2791399 wp-block-uagb-image--layout-default wp-block-uagb-image--effect-static wp-block-uagb-image--align-none\"><figure class=\"wp-block-uagb-image__figure\"><img decoding=\"async\" srcset=\"https:\/\/metricboost.io\/es\/wp-content\/uploads\/sites\/2\/2026\/02\/scans-autopilot.webp ,https:\/\/metricboost.io\/es\/wp-content\/uploads\/sites\/2\/2026\/02\/scans-autopilot.webp 780w, https:\/\/metricboost.io\/es\/wp-content\/uploads\/sites\/2\/2026\/02\/scans-autopilot.webp 360w\" sizes=\"auto, (max-width: 480px) 150px\" src=\"https:\/\/metricboost.io\/es\/wp-content\/uploads\/sites\/2\/2026\/02\/scans-autopilot.webp\" alt=\"\" class=\"uag-image-1548\" width=\"1200\" height=\"800\" title=\"scans-autopilot\" loading=\"lazy\" role=\"img\"\/><\/figure><\/div>\n<\/div>\n<\/div><\/div>\n\n\n\n<div class=\"wp-block-uagb-container uagb-block-724dc580 alignfull uagb-is-root-container\"><div class=\"uagb-container-inner-blocks-wrap\">\n<div class=\"wp-block-uagb-container uagb-block-7f37ce34\">\n<div class=\"wp-block-uagb-advanced-heading uagb-block-a3c6c940\"><h3 class=\"uagb-heading-text\">Obt\u00e9n capturas reales de las SERPs.<\/h3><\/div>\n\n\n\n<p>Consigue una captura bruta y p\u00edxel a p\u00edxel de lo que ven tus clientes exactamente \u2014incluyendo el <strong>Local Pack, anuncios y AI Overviews<\/strong>\u2014. Datos 100% reales, sin atajos de navegaci\u00f3n de inc\u00f3gnito.<\/p>\n<\/div>\n\n\n\n<div class=\"wp-block-uagb-container uagb-block-d3947d7a\">\n<div class=\"wp-block-uagb-image uagb-block-abb1e8ff wp-block-uagb-image--layout-default wp-block-uagb-image--effect-static wp-block-uagb-image--align-none\"><figure class=\"wp-block-uagb-image__figure\"><img decoding=\"async\" srcset=\"https:\/\/metricboost.io\/es\/wp-content\/uploads\/sites\/2\/2026\/02\/serps.webp ,https:\/\/metricboost.io\/es\/wp-content\/uploads\/sites\/2\/2026\/02\/serps.webp 780w, https:\/\/metricboost.io\/es\/wp-content\/uploads\/sites\/2\/2026\/02\/serps.webp 360w\" sizes=\"auto, (max-width: 480px) 150px\" src=\"https:\/\/metricboost.io\/es\/wp-content\/uploads\/sites\/2\/2026\/02\/serps.webp\" alt=\"\" class=\"uag-image-1550\" width=\"1200\" height=\"800\" title=\"serps\" loading=\"lazy\" role=\"img\"\/><\/figure><\/div>\n<\/div>\n<\/div><\/div>\n\n\n\n<p><\/p>\n","protected":false},"excerpt":{"rendered":"<p>GEOGRID RANK TRACKER Adi\u00f3s al \u201cun grid para todo\u201d. Hola al SEO local, capa por capa. Rastrea tu ranking en Google Maps y el Local Pack directamente desde las SERPs \u2014potenciado con el Local Finder\u2014 filtrando por resultados org\u00e1nicos, IA y Ads en un solo escaneo de Geo-Grid. Presentamos tu nuevo GeoGrid Rank Tracker Por [&hellip;]<\/p>\n","protected":false},"author":1,"featured_media":0,"parent":0,"menu_order":0,"comment_status":"closed","ping_status":"closed","template":"","meta":{"_uag_custom_page_level_css":"","site-sidebar-layout":"default","site-content-layout":"","ast-site-content-layout":"default","site-content-style":"unboxed","site-sidebar-style":"default","ast-global-header-display":"","ast-banner-title-visibility":"","ast-main-header-display":"","ast-hfb-above-header-display":"","ast-hfb-below-header-display":"","ast-hfb-mobile-header-display":"","site-post-title":"disabled","ast-breadcrumbs-content":"","ast-featured-img":"","footer-sml-layout":"","ast-disable-related-posts":"","theme-transparent-header-meta":"","adv-header-id-meta":"","stick-header-meta":"","header-above-stick-meta":"","header-main-stick-meta":"","header-below-stick-meta":"","astra-migrate-meta-layouts":"set","ast-page-background-enabled":"default","ast-page-background-meta":{"desktop":{"background-color":"var(--ast-global-color-4)","background-image":"","background-repeat":"repeat","background-position":"center center","background-size":"auto","background-attachment":"scroll","background-type":"","background-media":"","overlay-type":"","overlay-color":"","overlay-opacity":"","overlay-gradient":""},"tablet":{"background-color":"","background-image":"","background-repeat":"repeat","background-position":"center center","background-size":"auto","background-attachment":"scroll","background-type":"","background-media":"","overlay-type":"","overlay-color":"","overlay-opacity":"","overlay-gradient":""},"mobile":{"background-color":"","background-image":"","background-repeat":"repeat","background-position":"center center","background-size":"auto","background-attachment":"scroll","background-type":"","background-media":"","overlay-type":"","overlay-color":"","overlay-opacity":"","overlay-gradient":""}},"ast-content-background-meta":{"desktop":{"background-color":"var(--ast-global-color-5)","background-image":"","background-repeat":"repeat","background-position":"center center","background-size":"auto","background-attachment":"scroll","background-type":"","background-media":"","overlay-type":"","overlay-color":"","overlay-opacity":"","overlay-gradient":""},"tablet":{"background-color":"var(--ast-global-color-5)","background-image":"","background-repeat":"repeat","background-position":"center center","background-size":"auto","background-attachment":"scroll","background-type":"","background-media":"","overlay-type":"","overlay-color":"","overlay-opacity":"","overlay-gradient":""},"mobile":{"background-color":"var(--ast-global-color-5)","background-image":"","background-repeat":"repeat","background-position":"center center","background-size":"auto","background-attachment":"scroll","background-type":"","background-media":"","overlay-type":"","overlay-color":"","overlay-opacity":"","overlay-gradient":""}},"footnotes":""},"class_list":["post-1123","page","type-page","status-publish","hentry"],"uagb_featured_image_src":{"full":false,"thumbnail":false,"medium":false,"medium_large":false,"large":false,"1536x1536":false,"2048x2048":false},"uagb_author_info":{"display_name":"manuel.j.gouveia@hotmail.com","author_link":"https:\/\/metricboost.io\/es\/author\/manuel-j-gouveiahotmail-com\/"},"uagb_comment_info":0,"uagb_excerpt":"GEOGRID RANK TRACKER Adi\u00f3s al \u201cun grid para todo\u201d. Hola al SEO local, capa por capa. Rastrea tu ranking en Google Maps y el Local Pack directamente desde las SERPs \u2014potenciado con el Local Finder\u2014 filtrando por resultados org\u00e1nicos, IA y Ads en un solo escaneo de Geo-Grid. Presentamos tu nuevo GeoGrid Rank Tracker Por&hellip;","_links":{"self":[{"href":"https:\/\/metricboost.io\/es\/wp-json\/wp\/v2\/pages\/1123","targetHints":{"allow":["GET"]}}],"collection":[{"href":"https:\/\/metricboost.io\/es\/wp-json\/wp\/v2\/pages"}],"about":[{"href":"https:\/\/metricboost.io\/es\/wp-json\/wp\/v2\/types\/page"}],"author":[{"embeddable":true,"href":"https:\/\/metricboost.io\/es\/wp-json\/wp\/v2\/users\/1"}],"replies":[{"embeddable":true,"href":"https:\/\/metricboost.io\/es\/wp-json\/wp\/v2\/comments?post=1123"}],"version-history":[{"count":92,"href":"https:\/\/metricboost.io\/es\/wp-json\/wp\/v2\/pages\/1123\/revisions"}],"predecessor-version":[{"id":1628,"href":"https:\/\/metricboost.io\/es\/wp-json\/wp\/v2\/pages\/1123\/revisions\/1628"}],"wp:attachment":[{"href":"https:\/\/metricboost.io\/es\/wp-json\/wp\/v2\/media?parent=1123"}],"curies":[{"name":"wp","href":"https:\/\/api.w.org\/{rel}","templated":true}]}}