{"id":1232,"date":"2025-12-09T18:25:59","date_gmt":"2025-12-09T18:25:59","guid":{"rendered":"https:\/\/metricboost.io\/es\/?page_id=1232"},"modified":"2026-03-12T07:51:48","modified_gmt":"2026-03-12T07:51:48","slug":"local-seo-tracking","status":"publish","type":"page","link":"https:\/\/metricboost.io\/es\/local-seo-tracking\/","title":{"rendered":"local rank tracker"},"content":{"rendered":"\n<div class=\"wp-block-cover alignfull\" style=\"padding-top:var(--wp--preset--spacing--30);padding-bottom:var(--wp--preset--spacing--40)\"><span aria-hidden=\"true\" class=\"wp-block-cover__background has-background-dim-100 has-background-dim\" style=\"background-color:#421983\"><\/span><div class=\"wp-block-cover__inner-container is-layout-constrained wp-block-cover-is-layout-constrained\">\n<div class=\"wp-block-group titulo-metricboost is-layout-constrained wp-block-group-is-layout-constrained\">\n<div class=\"wp-block-uagb-container uagb-block-3372327e default uagb-is-root-container\">\n<p class=\"has-text-align-center has-ast-global-color-5-color has-text-color has-link-color wp-elements-ea9fc4fe6bf0b4f26820c752dadc5fe6\" style=\"margin-bottom:0\">LOCAL RANK TRACKER<\/p>\n\n\n\n<div class=\"wp-block-uagb-advanced-heading uagb-block-ab293c44 titulo-metricboost\"><h1 class=\"uagb-heading-text\">Mide todo lo que se <strong>mueve en Google<\/strong><\/h1><\/div>\n\n\n\n<p class=\"has-text-align-center has-white-color has-text-color has-link-color wp-elements-904291af3c42b19cc304d855ac180e52\">Ve tu ranking real en Web, Maps y Local Pack, en m\u00f3vil y escritorio. Datos precisos, sin suposiciones.<\/p>\n\n\n\n<div class=\"wp-block-uagb-buttons uagb-buttons__outer-wrap uagb-btn__default-btn uagb-btn-tablet__default-btn uagb-btn-mobile__default-btn uagb-block-94c9245e\"><div class=\"uagb-buttons__wrap uagb-buttons-layout-wrap \">\n<div class=\"wp-block-uagb-buttons-child uagb-buttons__outer-wrap uagb-block-db8f2864 wp-block-button\"><div class=\"uagb-button__wrapper\"><a class=\"uagb-buttons-repeater wp-block-button__link\" aria-label=\"\" href=\"https:\/\/panel.metricboost.io\/login\" rel=\"nofollow noopener\" target=\"_self\" role=\"button\"><div class=\"uagb-button__link\">Comienza a medir<\/div><\/a><\/div><\/div>\n<\/div><\/div>\n<\/div>\n<\/div>\n<\/div><\/div>\n\n\n\n<div class=\"wp-block-group is-layout-constrained wp-block-group-is-layout-constrained\">\n<div class=\"wp-block-uagb-container uagb-block-c018984b alignfull uagb-is-root-container\"><div class=\"uagb-container-inner-blocks-wrap\">\n<div class=\"wp-block-uagb-container uagb-block-1d6d7ad1\">\n<p class=\"has-ast-global-color-3-color has-text-color has-link-color wp-elements-79653c28d4b828f3f2dc0926164a3c08\" style=\"margin-bottom:0\">PRECISI\u00d3N EN CADA PUNTO<\/p>\n\n\n\n<h3 class=\"wp-block-heading\" style=\"margin-top:0\">Ranking real desde cualquier coordenada<\/h3>\n\n\n\n<p>Ve tu ranking exacto desde el lugar que importa, desde una direcci\u00f3n exacta, sin promedios ni suposiciones.<\/p>\n<\/div>\n\n\n\n<div class=\"wp-block-uagb-container uagb-block-0f05712a\">\n<div class=\"wp-block-uagb-image uagb-block-0f508dd3 wp-block-uagb-image--layout-default wp-block-uagb-image--effect-static wp-block-uagb-image--align-none\"><figure class=\"wp-block-uagb-image__figure\"><img decoding=\"async\" srcset=\"https:\/\/metricboost.io\/es\/wp-content\/uploads\/sites\/2\/2026\/02\/tracker-locations.webp ,https:\/\/metricboost.io\/es\/wp-content\/uploads\/sites\/2\/2026\/02\/tracker-locations.webp 780w, https:\/\/metricboost.io\/es\/wp-content\/uploads\/sites\/2\/2026\/02\/tracker-locations.webp 360w\" sizes=\"auto, (max-width: 480px) 150px\" src=\"https:\/\/metricboost.io\/es\/wp-content\/uploads\/sites\/2\/2026\/02\/tracker-locations.webp\" alt=\"\" class=\"uag-image-1530\" width=\"1200\" height=\"800\" title=\"tracker-locations\" loading=\"lazy\" role=\"img\"\/><\/figure><\/div>\n<\/div>\n<\/div><\/div>\n<\/div>\n\n\n\n<div class=\"wp-block-group is-layout-constrained wp-block-group-is-layout-constrained\">\n<div class=\"wp-block-uagb-container uagb-block-0b2b4e2a alignfull uagb-is-root-container\"><div class=\"uagb-container-inner-blocks-wrap\">\n<div class=\"wp-block-uagb-container uagb-block-9742dbcb\">\n<p class=\"has-ast-global-color-3-color has-text-color has-link-color wp-elements-2e37efe8c065dd14a8582230255b893d\" style=\"margin-bottom:0\">VISIBILIDAD TOTAL EN GOOGLE<\/p>\n\n\n\n<h3 class=\"wp-block-heading\" style=\"margin-top:0\">Todos los resultados en un vistazo<\/h3>\n\n\n\n<p>Local Pack, Maps, Finder y Org\u00e1nico, m\u00f3vil y escritorio, todo en un solo panel.<\/p>\n<\/div>\n\n\n\n<div class=\"wp-block-uagb-container uagb-block-e47147e0\">\n<div class=\"wp-block-uagb-image uagb-block-acdbea5a wp-block-uagb-image--layout-default wp-block-uagb-image--effect-static wp-block-uagb-image--align-none\"><figure class=\"wp-block-uagb-image__figure\"><img decoding=\"async\" srcset=\"https:\/\/metricboost.io\/es\/wp-content\/uploads\/sites\/2\/2026\/02\/local-pack-maps-organic-visibility.webp ,https:\/\/metricboost.io\/es\/wp-content\/uploads\/sites\/2\/2026\/02\/local-pack-maps-organic-visibility.webp 780w, https:\/\/metricboost.io\/es\/wp-content\/uploads\/sites\/2\/2026\/02\/local-pack-maps-organic-visibility.webp 360w\" sizes=\"auto, (max-width: 480px) 150px\" src=\"https:\/\/metricboost.io\/es\/wp-content\/uploads\/sites\/2\/2026\/02\/local-pack-maps-organic-visibility.webp\" alt=\"\" class=\"uag-image-1532\" width=\"1200\" height=\"800\" title=\"local-pack-maps-organic-visibility\" loading=\"lazy\" role=\"img\"\/><\/figure><\/div>\n<\/div>\n<\/div><\/div>\n<\/div>\n\n\n\n<div class=\"wp-block-group is-layout-constrained wp-block-group-is-layout-constrained\">\n<div class=\"wp-block-uagb-container uagb-block-393b872c alignfull uagb-is-root-container\"><div class=\"uagb-container-inner-blocks-wrap\">\n<div class=\"wp-block-uagb-container uagb-block-3e54e1f8\">\n<p class=\"has-ast-global-color-3-color has-text-color has-link-color wp-elements-217f869d123a5aba2b04548288247713\" style=\"margin-bottom:0\">FILTROS R\u00c1PIDOS E INTELIGENTES<\/p>\n\n\n\n<h3 class=\"wp-block-heading\" style=\"margin-top:0\">Filtra y segmenta al instante<\/h3>\n\n\n\n<p>Filtra por canal. grupo de palabras o dispositivo y mira la tendencia al instante sin pasar horas analizando datos.<\/p>\n<\/div>\n\n\n\n<div class=\"wp-block-uagb-container uagb-block-57103785\">\n<div class=\"wp-block-uagb-image uagb-block-dba8fbd3 wp-block-uagb-image--layout-default wp-block-uagb-image--effect-static wp-block-uagb-image--align-none\"><figure class=\"wp-block-uagb-image__figure\"><img decoding=\"async\" srcset=\"https:\/\/metricboost.io\/es\/wp-content\/uploads\/sites\/2\/2026\/02\/kws-smart-filtering.webp ,https:\/\/metricboost.io\/es\/wp-content\/uploads\/sites\/2\/2026\/02\/kws-smart-filtering.webp 780w, https:\/\/metricboost.io\/es\/wp-content\/uploads\/sites\/2\/2026\/02\/kws-smart-filtering.webp 360w\" sizes=\"auto, (max-width: 480px) 150px\" src=\"https:\/\/metricboost.io\/es\/wp-content\/uploads\/sites\/2\/2026\/02\/kws-smart-filtering.webp\" alt=\"\" class=\"uag-image-1534\" width=\"1200\" height=\"800\" title=\"kws-smart-filtering\" loading=\"lazy\" role=\"img\"\/><\/figure><\/div>\n<\/div>\n<\/div><\/div>\n<\/div>\n\n\n\n<div class=\"wp-block-group is-layout-constrained wp-block-group-is-layout-constrained\">\n<div class=\"wp-block-uagb-container uagb-block-8fe32bc1 alignfull uagb-is-root-container\"><div class=\"uagb-container-inner-blocks-wrap\">\n<div class=\"wp-block-uagb-container uagb-block-aaa19b0b\">\n<p class=\"has-ast-global-color-3-color has-text-color has-link-color wp-elements-d5e1c9f0040e562883fbf7a66dd59cc5\" style=\"margin-bottom:0\">ALERTAS EN TIEMPO REAL<\/p>\n\n\n\n<h3 class=\"wp-block-heading\" style=\"margin-top:0\">Detecta cambios al momento<\/h3>\n\n\n\n<p>Recibe avisos autom\u00e1ticos ante subidas, bajadas y movimientos importantes. Somos tus guardianes de esas keywords.<\/p>\n<\/div>\n\n\n\n<div class=\"wp-block-uagb-container uagb-block-1aa94645\">\n<div class=\"wp-block-uagb-image uagb-block-8a6f490c wp-block-uagb-image--layout-default wp-block-uagb-image--effect-static wp-block-uagb-image--align-none\"><figure class=\"wp-block-uagb-image__figure\"><img decoding=\"async\" srcset=\"https:\/\/metricboost.io\/es\/wp-content\/uploads\/sites\/2\/2026\/02\/kw-tracker.watchdog.webp ,https:\/\/metricboost.io\/es\/wp-content\/uploads\/sites\/2\/2026\/02\/kw-tracker.watchdog.webp 780w, https:\/\/metricboost.io\/es\/wp-content\/uploads\/sites\/2\/2026\/02\/kw-tracker.watchdog.webp 360w\" sizes=\"auto, (max-width: 480px) 150px\" src=\"https:\/\/metricboost.io\/es\/wp-content\/uploads\/sites\/2\/2026\/02\/kw-tracker.watchdog.webp\" alt=\"\" class=\"uag-image-1536\" width=\"1200\" height=\"800\" title=\"kw-tracker.watchdog\" loading=\"lazy\" role=\"img\"\/><\/figure><\/div>\n<\/div>\n<\/div><\/div>\n<\/div>\n\n\n\n<div class=\"wp-block-group is-layout-constrained wp-block-group-is-layout-constrained\">\n<div class=\"wp-block-uagb-container uagb-block-fa6a528a alignfull uagb-is-root-container\"><div class=\"uagb-container-inner-blocks-wrap\">\n<div class=\"wp-block-uagb-container uagb-block-9d7c22c5\">\n<p class=\"has-ast-global-color-3-color has-text-color has-link-color wp-elements-dbfa8bd20d293560e858269611fa4e34\" style=\"margin-bottom:0\">VENTAJA COMPETITIVA LOCAL <\/p>\n\n\n\n<h3 class=\"wp-block-heading\" style=\"margin-top:0\">L\u00edderes por canal y ubicaci\u00f3n<\/h3>\n\n\n\n<p>Mira qui\u00e9n lidera cada palabra clave, cada canal, en cualquier ubicaci\u00f3. Entiende qui\u00e9n te gana, d\u00f3nde y por qu\u00e9. Luego ajusta tu estrategia para dominarlo todo.<\/p>\n<\/div>\n\n\n\n<div class=\"wp-block-uagb-container uagb-block-64d617be\">\n<div class=\"wp-block-uagb-image uagb-block-345e6dae wp-block-uagb-image--layout-default wp-block-uagb-image--effect-static wp-block-uagb-image--align-none\"><figure class=\"wp-block-uagb-image__figure\"><img decoding=\"async\" srcset=\"https:\/\/metricboost.io\/es\/wp-content\/uploads\/sites\/2\/2026\/02\/local-competitive.webp ,https:\/\/metricboost.io\/es\/wp-content\/uploads\/sites\/2\/2026\/02\/local-competitive.webp 780w, https:\/\/metricboost.io\/es\/wp-content\/uploads\/sites\/2\/2026\/02\/local-competitive.webp 360w\" sizes=\"auto, (max-width: 480px) 150px\" src=\"https:\/\/metricboost.io\/es\/wp-content\/uploads\/sites\/2\/2026\/02\/local-competitive.webp\" alt=\"\" class=\"uag-image-1538\" width=\"1200\" height=\"800\" title=\"local-competitive\" loading=\"lazy\" role=\"img\"\/><\/figure><\/div>\n<\/div>\n<\/div><\/div>\n<\/div>\n","protected":false},"excerpt":{"rendered":"<p>PRECISI\u00d3N EN CADA PUNTO Ranking real desde cualquier coordenada Ve tu ranking exacto desde el lugar que importa, desde una direcci\u00f3n exacta, sin promedios ni suposiciones. VISIBILIDAD TOTAL EN GOOGLE Todos los resultados en un vistazo Local Pack, Maps, Finder y Org\u00e1nico, m\u00f3vil y escritorio, todo en un solo panel. FILTROS R\u00c1PIDOS E INTELIGENTES Filtra [&hellip;]<\/p>\n","protected":false},"author":1,"featured_media":0,"parent":0,"menu_order":0,"comment_status":"closed","ping_status":"closed","template":"","meta":{"_uag_custom_page_level_css":"","site-sidebar-layout":"default","site-content-layout":"","ast-site-content-layout":"default","site-content-style":"default","site-sidebar-style":"default","ast-global-header-display":"","ast-banner-title-visibility":"","ast-main-header-display":"","ast-hfb-above-header-display":"","ast-hfb-below-header-display":"","ast-hfb-mobile-header-display":"","site-post-title":"disabled","ast-breadcrumbs-content":"","ast-featured-img":"","footer-sml-layout":"","ast-disable-related-posts":"","theme-transparent-header-meta":"","adv-header-id-meta":"","stick-header-meta":"","header-above-stick-meta":"","header-main-stick-meta":"","header-below-stick-meta":"","astra-migrate-meta-layouts":"set","ast-page-background-enabled":"default","ast-page-background-meta":{"desktop":{"background-color":"var(--ast-global-color-4)","background-image":"","background-repeat":"repeat","background-position":"center center","background-size":"auto","background-attachment":"scroll","background-type":"","background-media":"","overlay-type":"","overlay-color":"","overlay-opacity":"","overlay-gradient":""},"tablet":{"background-color":"","background-image":"","background-repeat":"repeat","background-position":"center center","background-size":"auto","background-attachment":"scroll","background-type":"","background-media":"","overlay-type":"","overlay-color":"","overlay-opacity":"","overlay-gradient":""},"mobile":{"background-color":"","background-image":"","background-repeat":"repeat","background-position":"center center","background-size":"auto","background-attachment":"scroll","background-type":"","background-media":"","overlay-type":"","overlay-color":"","overlay-opacity":"","overlay-gradient":""}},"ast-content-background-meta":{"desktop":{"background-color":"var(--ast-global-color-5)","background-image":"","background-repeat":"repeat","background-position":"center center","background-size":"auto","background-attachment":"scroll","background-type":"","background-media":"","overlay-type":"","overlay-color":"","overlay-opacity":"","overlay-gradient":""},"tablet":{"background-color":"var(--ast-global-color-5)","background-image":"","background-repeat":"repeat","background-position":"center center","background-size":"auto","background-attachment":"scroll","background-type":"","background-media":"","overlay-type":"","overlay-color":"","overlay-opacity":"","overlay-gradient":""},"mobile":{"background-color":"var(--ast-global-color-5)","background-image":"","background-repeat":"repeat","background-position":"center center","background-size":"auto","background-attachment":"scroll","background-type":"","background-media":"","overlay-type":"","overlay-color":"","overlay-opacity":"","overlay-gradient":""}},"footnotes":""},"class_list":["post-1232","page","type-page","status-publish","hentry"],"uagb_featured_image_src":{"full":false,"thumbnail":false,"medium":false,"medium_large":false,"large":false,"1536x1536":false,"2048x2048":false},"uagb_author_info":{"display_name":"manuel.j.gouveia@hotmail.com","author_link":"https:\/\/metricboost.io\/es\/author\/manuel-j-gouveiahotmail-com\/"},"uagb_comment_info":0,"uagb_excerpt":"PRECISI\u00d3N EN CADA PUNTO Ranking real desde cualquier coordenada Ve tu ranking exacto desde el lugar que importa, desde una direcci\u00f3n exacta, sin promedios ni suposiciones. VISIBILIDAD TOTAL EN GOOGLE Todos los resultados en un vistazo Local Pack, Maps, Finder y Org\u00e1nico, m\u00f3vil y escritorio, todo en un solo panel. FILTROS R\u00c1PIDOS E INTELIGENTES Filtra&hellip;","_links":{"self":[{"href":"https:\/\/metricboost.io\/es\/wp-json\/wp\/v2\/pages\/1232","targetHints":{"allow":["GET"]}}],"collection":[{"href":"https:\/\/metricboost.io\/es\/wp-json\/wp\/v2\/pages"}],"about":[{"href":"https:\/\/metricboost.io\/es\/wp-json\/wp\/v2\/types\/page"}],"author":[{"embeddable":true,"href":"https:\/\/metricboost.io\/es\/wp-json\/wp\/v2\/users\/1"}],"replies":[{"embeddable":true,"href":"https:\/\/metricboost.io\/es\/wp-json\/wp\/v2\/comments?post=1232"}],"version-history":[{"count":66,"href":"https:\/\/metricboost.io\/es\/wp-json\/wp\/v2\/pages\/1232\/revisions"}],"predecessor-version":[{"id":1629,"href":"https:\/\/metricboost.io\/es\/wp-json\/wp\/v2\/pages\/1232\/revisions\/1629"}],"wp:attachment":[{"href":"https:\/\/metricboost.io\/es\/wp-json\/wp\/v2\/media?parent=1232"}],"curies":[{"name":"wp","href":"https:\/\/api.w.org\/{rel}","templated":true}]}}