{"id":1389,"date":"2026-01-18T14:06:11","date_gmt":"2026-01-18T14:06:11","guid":{"rendered":"https:\/\/metricboost.io\/es\/?page_id=1389"},"modified":"2026-03-12T09:02:25","modified_gmt":"2026-03-12T09:02:25","slug":"precios","status":"publish","type":"page","link":"https:\/\/metricboost.io\/es\/precios\/","title":{"rendered":"precios"},"content":{"rendered":"\n<div class=\"wp-block-uagb-container uagb-block-3af91272 alignfull uagb-is-root-container\">\n<div class=\"wp-block-cover alignfull\" style=\"padding-top:0;padding-right:0;padding-bottom:0;padding-left:0\"><span aria-hidden=\"true\" class=\"wp-block-cover__background has-background-dim-100 has-background-dim has-background-gradient\" style=\"background:linear-gradient(0deg,rgb(248,248,248) 0%,rgb(118,75,187) 0%,rgb(81,26,164) 26%,rgb(66,25,131) 79%)\"><\/span><div class=\"wp-block-cover__inner-container is-layout-constrained wp-container-core-cover-is-layout-639b5052 wp-block-cover-is-layout-constrained\">\n<div class=\"wp-block-group is-layout-constrained wp-block-group-is-layout-constrained\">\n<div class=\"wp-block-uagb-container uagb-block-3739b49d alignfull uagb-is-root-container\"><div class=\"uagb-container-inner-blocks-wrap\">\n<div class=\"wp-block-uagb-container uagb-block-fb1ca95d\">\n<div class=\"wp-block-uagb-advanced-heading uagb-block-962a183e titulo-metricboost\"><h1 class=\"uagb-heading-text\">Una suscripci\u00f3n. <strong>Flexibilidad total.<\/strong><\/h1><\/div>\n\n\n\n<p class=\"has-text-align-center has-ast-global-color-5-color has-text-color has-link-color wp-elements-5b124c43e0b86f0c061c1cc3e5793ed4\">MetricBoost usa cr\u00e9ditos flexibles para que solo pagues por lo que realmente usas. Gasta tus cr\u00e9ditos en cualquier funcionalidad, cuando quieras. Sin planes cerrados ni dinero desperdiciado.<\/p>\n<\/div>\n<\/div><\/div>\n<\/div>\n<\/div><\/div>\n<\/div>\n\n\n\n<div class=\"wp-block-group is-layout-constrained wp-block-group-is-layout-constrained\">\n<div class=\"wp-block-uagb-container uagb-block-5cf14b57 alignfull uagb-is-root-container\"><div class=\"uagb-container-inner-blocks-wrap\">\n<div class=\"wp-block-uagb-container uagb-block-f62cc7e7\">\n<div class=\"wp-block-uagb-advanced-heading uagb-block-2cb52f8a\"><h3 class=\"uagb-heading-text\">Starter<\/h3><\/div>\n\n\n\n<div class=\"wp-block-group is-layout-constrained wp-block-group-is-layout-constrained\">\n<div class=\"wp-block-uagb-advanced-heading uagb-block-b58b18e3\"><h3 class=\"uagb-heading-text\">\u20ac37<\/h3><\/div>\n\n\n\n<p class=\"has-text-align-center\">Al mes<\/p>\n<\/div>\n\n\n\n<div class=\"wp-block-group is-layout-constrained wp-block-group-is-layout-constrained\">\n<p class=\"has-text-align-center\">7.500 Cr\u00e9ditos<\/p>\n\n\n\n<p class=\"has-text-align-center has-ast-global-color-8-color has-text-color has-link-color has-medium-font-size wp-elements-e61341e8dd1e490faeed154e59cb170a\">Ideal para due\u00f1os de negocio y freelancers.<\/p>\n\n\n\n<div class=\"wp-block-uagb-buttons uagb-buttons__outer-wrap uagb-btn__default-btn uagb-btn-tablet__default-btn uagb-btn-mobile__default-btn uagb-block-5bee7bdf\"><div class=\"uagb-buttons__wrap uagb-buttons-layout-wrap \">\n<div class=\"wp-block-uagb-buttons-child uagb-buttons__outer-wrap uagb-block-7f2f7f5d wp-block-button\"><div class=\"uagb-button__wrapper\"><a class=\"uagb-buttons-repeater wp-block-button__link\" aria-label=\"\" href=\"https:\/\/panel.metricboost.io\/\" rel=\"nofollow noopener\" target=\"_self\" role=\"button\"><div class=\"uagb-button__link\">Prueba gratis<\/div><\/a><\/div><\/div>\n<\/div><\/div>\n<\/div>\n\n\n\n<p class=\"has-text-align-center has-small-font-size\">Prueba gratis. Sin tarjeta.<\/p>\n<\/div>\n\n\n\n<div class=\"wp-block-uagb-container uagb-block-8c4413cb\">\n<div class=\"wp-block-uagb-advanced-heading uagb-block-9b4d4624\"><h3 class=\"uagb-heading-text\">Growth<\/h3><\/div>\n\n\n\n<div class=\"wp-block-group is-layout-constrained wp-block-group-is-layout-constrained\">\n<div class=\"wp-block-uagb-advanced-heading uagb-block-35b51940\"><h3 class=\"uagb-heading-text\">\u20ac67<\/h3><\/div>\n\n\n\n<p class=\"has-text-align-center\">Al mes<\/p>\n<\/div>\n\n\n\n<div class=\"wp-block-group is-layout-constrained wp-block-group-is-layout-constrained\">\n<p class=\"has-text-align-center\">15.000 Cr\u00e9ditos<\/p>\n\n\n\n<p class=\"has-text-align-center has-medium-font-size\">Ideal para consultores y freelancers avanzados.<\/p>\n\n\n\n<div class=\"wp-block-uagb-buttons uagb-buttons__outer-wrap uagb-btn__default-btn uagb-btn-tablet__default-btn uagb-btn-mobile__default-btn uagb-block-6211e8ed\"><div class=\"uagb-buttons__wrap uagb-buttons-layout-wrap \">\n<div class=\"wp-block-uagb-buttons-child uagb-buttons__outer-wrap uagb-block-ae8fb7d0 wp-block-button\"><div class=\"uagb-button__wrapper\"><a class=\"uagb-buttons-repeater wp-block-button__link\" aria-label=\"\" href=\"https:\/\/panel.metricboost.io\/\" rel=\"nofollow noopener\" target=\"_self\" role=\"button\"><div class=\"uagb-button__link\">Prueba gratis<\/div><\/a><\/div><\/div>\n<\/div><\/div>\n<\/div>\n\n\n\n<p class=\"has-text-align-center has-small-font-size\">Prueba gratis. Sin tarjeta.<\/p>\n<\/div>\n\n\n\n<div class=\"wp-block-uagb-container uagb-block-388719cd\">\n<div class=\"wp-block-uagb-advanced-heading uagb-block-43acf35c\"><h3 class=\"uagb-heading-text\">Pro<\/h3><\/div>\n\n\n\n<div class=\"wp-block-group is-layout-constrained wp-block-group-is-layout-constrained\">\n<div class=\"wp-block-uagb-advanced-heading uagb-block-84b38bfa\"><h3 class=\"uagb-heading-text\">\u20ac137<\/h3><\/div>\n\n\n\n<p class=\"has-text-align-center\">Al mes<\/p>\n<\/div>\n\n\n\n<div class=\"wp-block-group is-layout-constrained wp-block-group-is-layout-constrained\">\n<p class=\"has-text-align-center\">30.000 Cr\u00e9ditos<\/p>\n\n\n\n<p class=\"has-text-align-center has-medium-font-size\">Ideal para agencias grandes. <\/p>\n\n\n\n<div class=\"wp-block-uagb-buttons uagb-buttons__outer-wrap uagb-btn__default-btn uagb-btn-tablet__default-btn uagb-btn-mobile__default-btn uagb-block-06186796\"><div class=\"uagb-buttons__wrap uagb-buttons-layout-wrap \">\n<div class=\"wp-block-uagb-buttons-child uagb-buttons__outer-wrap uagb-block-53c5057a wp-block-button\"><div class=\"uagb-button__wrapper\"><a class=\"uagb-buttons-repeater wp-block-button__link\" aria-label=\"\" href=\"https:\/\/panel.metricboost.io\/\" rel=\"nofollow noopener\" target=\"_self\" role=\"button\"><div class=\"uagb-button__link\">Prueba gratis<\/div><\/a><\/div><\/div>\n<\/div><\/div>\n<\/div>\n\n\n\n<p class=\"has-text-align-center has-small-font-size\">Prueba gratis. Sin tarjeta.<\/p>\n<\/div>\n\n\n\n<div class=\"wp-block-uagb-container uagb-block-c465cebd\">\n<div class=\"wp-block-uagb-advanced-heading uagb-block-53edc271\"><h3 class=\"uagb-heading-text\">Custom<\/h3><\/div>\n\n\n\n<div class=\"wp-block-uagb-advanced-heading uagb-block-8bed6b35\"><h3 class=\"uagb-heading-text\">Contacto<\/h3><\/div>\n\n\n\n<div class=\"wp-block-group is-layout-constrained wp-block-group-is-layout-constrained\">\n<p class=\"has-text-align-center has-medium-font-size\">\u00bfNecesitas un plan m\u00e1s grande? M\u00e1s grids, m\u00e1s datos, m\u00e1s frecuencia. Creamos tu plan a medida.<\/p>\n\n\n\n<div class=\"wp-block-uagb-buttons uagb-buttons__outer-wrap uagb-btn__default-btn uagb-btn-tablet__default-btn uagb-btn-mobile__default-btn uagb-block-33b18ef9\"><div class=\"uagb-buttons__wrap uagb-buttons-layout-wrap \">\n<div class=\"wp-block-uagb-buttons-child uagb-buttons__outer-wrap uagb-block-6da74dc7 wp-block-button\"><div class=\"uagb-button__wrapper\"><a class=\"uagb-buttons-repeater wp-block-button__link\" aria-label=\"\" href=\"https:\/\/metricboost.io\/es\/contacto\/\" rel=\"follow noopener\" target=\"_self\" role=\"button\"><div class=\"uagb-button__link\">Contacto<\/div><\/a><\/div><\/div>\n<\/div><\/div>\n<\/div>\n<\/div>\n<\/div><\/div>\n<\/div>\n\n\n\n<div class=\"wp-block-group is-layout-constrained wp-block-group-is-layout-constrained\">\n<div class=\"wp-block-uagb-advanced-heading uagb-block-7d48b8d2\"><h2 class=\"uagb-heading-text\">\u00bfNecesitas ayuda para empezar?<\/h2><\/div>\n\n\n\n<div class=\"wp-block-uagb-icon-list uagb-block-c1c638e6\"><div class=\"uagb-icon-list__wrap\">\n<div class=\"wp-block-uagb-icon-list-child uagb-block-36993e78\"><span class=\"uagb-icon-list__label\">En Starter, te ayudamos con la configuraci\u00f3n inicial.<\/span><\/div>\n\n\n\n<div class=\"wp-block-uagb-icon-list-child uagb-block-46bba13e\"><span class=\"uagb-icon-list__label\">En Growth y Pro, agendamos una demo en vivo para dejarlo todo listo en minutos.<\/span><\/div>\n<\/div><\/div>\n<\/div>\n\n\n\n<div class=\"wp-block-group is-layout-constrained wp-container-core-group-is-layout-64ec6e8c wp-block-group-is-layout-constrained\">\n<div class=\"wp-block-group is-layout-constrained wp-block-group-is-layout-constrained\">\n<div class=\"wp-block-uagb-container uagb-block-39ca7528 alignfull uagb-is-root-container\"><div class=\"uagb-container-inner-blocks-wrap\">\n<div class=\"wp-block-group is-layout-constrained wp-block-group-is-layout-constrained\">\n<div class=\"wp-block-uagb-advanced-heading uagb-block-424d4386\"><h2 class=\"uagb-heading-text\">C\u00f3mo funcionan los cr\u00e9ditos<\/h2><\/div>\n\n\n\n<p>Los cr\u00e9ditos se usan cada vez que rastreamos una keyword o lanzamos un grid.<br>Depende simplemente de qu\u00e9 motor eliges y cu\u00e1nta profundidad necesitas.<\/p>\n<\/div>\n\n\n\n<div class=\"wp-block-uagb-icon-list uagb-block-ea0878b4\"><div class=\"uagb-icon-list__wrap\">\n<div class=\"wp-block-uagb-icon-list-child uagb-block-8497766f\"><span class=\"uagb-icon-list__label\"><strong>Google Maps:<\/strong> 1 cr\u00e9dito<br><strong>Google Org\u00e1nico + Local Pack:<\/strong> 2 cr\u00e9ditos<br><strong>Local Finder:<\/strong> 2 cr\u00e9ditos <\/span><\/div>\n<\/div><\/div>\n<\/div><\/div>\n<\/div>\n<\/div>\n\n\n\n<div class=\"wp-block-group is-layout-constrained wp-container-core-group-is-layout-64ec6e8c wp-block-group-is-layout-constrained\">\n<div class=\"wp-block-uagb-advanced-heading uagb-block-3c148d17\"><h2 class=\"uagb-heading-text\">Qu\u00e9 puedes hacer con 7.500 cr\u00e9ditos<\/h2><\/div>\n\n\n\n<div class=\"wp-block-group is-layout-constrained wp-block-group-is-layout-constrained\">\n<p>Con 7.500 cr\u00e9ditos puedes puedes monitorizar capa por capa las SERPs de 250 keywords cada d\u00eda durante todo el mes en Google Org\u00e1nico y Local Pack. Si prefieres abarcar m\u00e1s volumen, tambi\u00e9n puedes rastrear 500 keywords d\u00eda s\u00ed, d\u00eda no, durante el mes.<\/p>\n\n\n\n<p>Si lo tuyo es analizar la visibilidad calle por calle, puedes generar m\u00e1s de 150 grids 7\u00d77 de Google Maps, lo que te permite ver tu cobertura real y c\u00f3mo evolucionan tus posiciones por zonas.<\/p>\n\n\n\n<p>Y si quieres combinar tracking y mapas, puedes usar los cr\u00e9ditos para hacer auditor\u00edas profundas, reportes diarios y seguimiento geogr\u00e1fico todo en uno. T\u00fa decides el ritmo: usar los cr\u00e9ditos para picos de an\u00e1lisis o repartirlos durante todo el mes, sin planes cerrados y sin desperdiciar nada.<\/p>\n<\/div>\n<\/div>\n\n\n\n<p><\/p>\n","protected":false},"excerpt":{"rendered":"<p>Starter \u20ac37 Al mes 7.500 Cr\u00e9ditos Ideal para due\u00f1os de negocio y freelancers. Prueba gratis. Sin tarjeta. Growth \u20ac67 Al mes 15.000 Cr\u00e9ditos Ideal para consultores y freelancers avanzados. Prueba gratis. Sin tarjeta. Pro \u20ac137 Al mes 30.000 Cr\u00e9ditos Ideal para agencias grandes. Prueba gratis. Sin tarjeta. Custom Contacto \u00bfNecesitas un plan m\u00e1s grande? M\u00e1s [&hellip;]<\/p>\n","protected":false},"author":1,"featured_media":0,"parent":0,"menu_order":0,"comment_status":"closed","ping_status":"closed","template":"","meta":{"_uag_custom_page_level_css":"","site-sidebar-layout":"default","site-content-layout":"","ast-site-content-layout":"default","site-content-style":"default","site-sidebar-style":"default","ast-global-header-display":"","ast-banner-title-visibility":"","ast-main-header-display":"","ast-hfb-above-header-display":"","ast-hfb-below-header-display":"","ast-hfb-mobile-header-display":"","site-post-title":"disabled","ast-breadcrumbs-content":"","ast-featured-img":"","footer-sml-layout":"","ast-disable-related-posts":"","theme-transparent-header-meta":"","adv-header-id-meta":"","stick-header-meta":"","header-above-stick-meta":"","header-main-stick-meta":"","header-below-stick-meta":"","astra-migrate-meta-layouts":"set","ast-page-background-enabled":"default","ast-page-background-meta":{"desktop":{"background-color":"var(--ast-global-color-4)","background-image":"","background-repeat":"repeat","background-position":"center center","background-size":"auto","background-attachment":"scroll","background-type":"","background-media":"","overlay-type":"","overlay-color":"","overlay-opacity":"","overlay-gradient":""},"tablet":{"background-color":"","background-image":"","background-repeat":"repeat","background-position":"center center","background-size":"auto","background-attachment":"scroll","background-type":"","background-media":"","overlay-type":"","overlay-color":"","overlay-opacity":"","overlay-gradient":""},"mobile":{"background-color":"","background-image":"","background-repeat":"repeat","background-position":"center center","background-size":"auto","background-attachment":"scroll","background-type":"","background-media":"","overlay-type":"","overlay-color":"","overlay-opacity":"","overlay-gradient":""}},"ast-content-background-meta":{"desktop":{"background-color":"var(--ast-global-color-5)","background-image":"","background-repeat":"repeat","background-position":"center center","background-size":"auto","background-attachment":"scroll","background-type":"","background-media":"","overlay-type":"","overlay-color":"","overlay-opacity":"","overlay-gradient":""},"tablet":{"background-color":"var(--ast-global-color-5)","background-image":"","background-repeat":"repeat","background-position":"center center","background-size":"auto","background-attachment":"scroll","background-type":"","background-media":"","overlay-type":"","overlay-color":"","overlay-opacity":"","overlay-gradient":""},"mobile":{"background-color":"var(--ast-global-color-5)","background-image":"","background-repeat":"repeat","background-position":"center center","background-size":"auto","background-attachment":"scroll","background-type":"","background-media":"","overlay-type":"","overlay-color":"","overlay-opacity":"","overlay-gradient":""}},"footnotes":""},"class_list":["post-1389","page","type-page","status-publish","hentry"],"uagb_featured_image_src":{"full":false,"thumbnail":false,"medium":false,"medium_large":false,"large":false,"1536x1536":false,"2048x2048":false},"uagb_author_info":{"display_name":"manuel.j.gouveia@hotmail.com","author_link":"https:\/\/metricboost.io\/es\/author\/manuel-j-gouveiahotmail-com\/"},"uagb_comment_info":0,"uagb_excerpt":"Starter \u20ac37 Al mes 7.500 Cr\u00e9ditos Ideal para due\u00f1os de negocio y freelancers. Prueba gratis. Sin tarjeta. Growth \u20ac67 Al mes 15.000 Cr\u00e9ditos Ideal para consultores y freelancers avanzados. Prueba gratis. Sin tarjeta. Pro \u20ac137 Al mes 30.000 Cr\u00e9ditos Ideal para agencias grandes. Prueba gratis. Sin tarjeta. Custom Contacto \u00bfNecesitas un plan m\u00e1s grande? M\u00e1s&hellip;","_links":{"self":[{"href":"https:\/\/metricboost.io\/es\/wp-json\/wp\/v2\/pages\/1389","targetHints":{"allow":["GET"]}}],"collection":[{"href":"https:\/\/metricboost.io\/es\/wp-json\/wp\/v2\/pages"}],"about":[{"href":"https:\/\/metricboost.io\/es\/wp-json\/wp\/v2\/types\/page"}],"author":[{"embeddable":true,"href":"https:\/\/metricboost.io\/es\/wp-json\/wp\/v2\/users\/1"}],"replies":[{"embeddable":true,"href":"https:\/\/metricboost.io\/es\/wp-json\/wp\/v2\/comments?post=1389"}],"version-history":[{"count":52,"href":"https:\/\/metricboost.io\/es\/wp-json\/wp\/v2\/pages\/1389\/revisions"}],"predecessor-version":[{"id":1640,"href":"https:\/\/metricboost.io\/es\/wp-json\/wp\/v2\/pages\/1389\/revisions\/1640"}],"wp:attachment":[{"href":"https:\/\/metricboost.io\/es\/wp-json\/wp\/v2\/media?parent=1389"}],"curies":[{"name":"wp","href":"https:\/\/api.w.org\/{rel}","templated":true}]}}