{"id":567,"date":"2025-10-25T19:00:53","date_gmt":"2025-10-25T19:00:53","guid":{"rendered":"https:\/\/metricboost.io\/es\/home\/"},"modified":"2026-03-22T15:15:08","modified_gmt":"2026-03-22T15:15:08","slug":"home","status":"publish","type":"page","link":"https:\/\/metricboost.io\/es\/","title":{"rendered":"Home"},"content":{"rendered":"\n<div class=\"wp-block-cover alignfull\" style=\"min-height:50px;aspect-ratio:unset;\"><span aria-hidden=\"true\" class=\"wp-block-cover__background has-background-dim-100 has-background-dim has-background-gradient\" style=\"background:linear-gradient(0deg,rgb(72,72,140) 0%,rgb(66,25,131) 29%)\"><\/span><div class=\"wp-block-cover__inner-container is-layout-flow wp-block-cover-is-layout-flow\">\n<div class=\"inherit-container-width wp-block-group alignwide is-layout-constrained wp-container-core-group-is-layout-3f6369ce wp-block-group-is-layout-constrained\">\n<div class=\"wp-block-group is-layout-constrained wp-block-group-is-layout-constrained\">\n<h1 class=\"wp-block-heading has-text-align-center titulo-metricboost has-ast-global-color-5-color has-text-color has-link-color wp-elements-489e59ef7f650f2fab4e887d957aae6f\" style=\"margin-top:0;margin-right:0;margin-bottom:0;margin-left:0\"><br>Herramienta de SEO Local para <strong>Dominar Google (de Verdad)<\/strong><\/h1>\n\n\n\n<p class=\"has-text-align-center has-ast-global-color-5-color has-text-color has-link-color wp-elements-292e209152aab4889e117f539bdad00a\" style=\"margin-top:var(--wp--preset--spacing--50);margin-right:0;margin-bottom:var(--wp--preset--spacing--50);margin-left:0;font-size:24px\">Descubre qu\u00e9 funciona, mide lo que importa y entiende por qu\u00e9 no est\u00e1s arriba. Optimiza tu Perfil en Google y consigue m\u00e1s clientes, sin complicaciones.<\/p>\n<\/div>\n\n\n\n<div class=\"wp-block-uagb-buttons uagb-buttons__outer-wrap uagb-btn__large-btn uagb-btn-tablet__default-btn uagb-btn-mobile__default-btn uagb-block-2e4b01dc\"><div class=\"uagb-buttons__wrap uagb-buttons-layout-wrap \">\n<div class=\"wp-block-uagb-buttons-child uagb-buttons__outer-wrap uagb-block-740374e7 wp-block-button\"><div class=\"uagb-button__wrapper\"><a class=\"uagb-buttons-repeater wp-block-button__link\" aria-label=\"\" href=\"https:\/\/panel.metricboost.io\/login\" rel=\"follow noopener\" target=\"_self\" role=\"button\"><div class=\"uagb-button__link\"><strong>Ver mi Mapa de Visibilidad<\/strong><\/div><\/a><\/div><\/div>\n\n\n\n<div class=\"wp-block-uagb-buttons-child uagb-buttons__outer-wrap uagb-block-0721ffc3 wp-block-button\"><div class=\"uagb-button__wrapper\"><a class=\"uagb-buttons-repeater wp-block-button__link\" aria-label=\"\" href=\"https:\/\/calendly.com\/mateogouveiazhabreva\/hoja-de-ruta-seo-local-avanzado\" rel=\"nofollow noopener\" target=\"_self\" role=\"button\"><div class=\"uagb-button__link\">Agenda tu Demo<\/div><\/a><\/div><\/div>\n<\/div><\/div>\n\n\n\n<p class=\"has-text-align-center has-ast-global-color-5-color has-text-color has-link-color has-small-font-size wp-elements-9340f6109eae5dda762fd70df71be109\" style=\"margin-top:0;margin-bottom:0\">Prueba gratis (sin tarjeta) o agenda 15 min demo  avanzada.<\/p>\n<\/div>\n<\/div><\/div>\n\n\n\n<div class=\"wp-block-group is-layout-constrained wp-container-core-group-is-layout-5a4a849b wp-block-group-is-layout-constrained\" style=\"min-height:603px;margin-bottom:var(--wp--preset--spacing--40);padding-bottom:var(--wp--preset--spacing--30)\">\n<h2 class=\"wp-block-heading has-text-align-center\" style=\"margin-top:0;margin-right:0;margin-bottom:0;margin-left:0\">El problema no es Google. Es no saber qu\u00e9 mira Google<\/h2>\n\n\n\n<p class=\"has-text-align-center\"><strong>Tu competencia no es mejor<\/strong>, solo sabe leer el mapa mejor que t\u00fa.<\/p>\n\n\n\n<p class=\"has-text-align-center\">MetricBoost te muestra <strong>exactamente lo que ve Google<\/strong>: d\u00f3nde apareces, por qu\u00e9 est\u00e1s abajo y qu\u00e9 puedes hacer para subir.<\/p>\n\n\n\n<p class=\"has-text-align-center\"><strong>Ni humo, ni gur\u00fas, ni teor\u00edas raras.<\/strong> Solo datos que pagan facturas.<\/p>\n\n\n\n<p class=\"has-text-align-center\">Aqu\u00ed, cada m\u00e9trica y cada gr\u00e1fico en tu dashboard existen por una raz\u00f3n: <strong>traer clientes r\u00e1pido y sin complicaciones.<\/strong><\/p>\n<\/div>\n\n\n\n<div id=\"palabras-rentables\" class=\"wp-block-uagb-container uagb-layout-flex uagb-block-6a9e30e8 default uagb-is-root-container\">\n<div class=\"wp-block-uagb-container uagb-block-4c4a20a7\">\n<p class=\"has-ast-global-color-3-color has-text-color has-link-color wp-elements-7e477838e990c6c3d51a5f33cebc88c1\" style=\"margin-bottom:0\">MONEY KEYWORD FINDER<\/p>\n\n\n\n<h3 class=\"wp-block-heading\" style=\"margin-top:0\">Encuentra Keywords locales y su volumen real<\/h3>\n\n\n\n<p>Limpiamos el ruido de Google Ads con Clickstream. Analizamos si una keyword es localizada o tiene modificador geogr\u00e1fico para darte el volumen hiperlocal o glocal, no estimaciones.<\/p>\n\n\n\n<div class=\"wp-block-uagb-buttons uagb-buttons__outer-wrap uagb-btn__default-btn uagb-btn-tablet__default-btn uagb-btn-mobile__default-btn uagb-block-effd0124\"><div class=\"uagb-buttons__wrap uagb-buttons-layout-wrap \">\n<div class=\"wp-block-uagb-buttons-child uagb-buttons__outer-wrap uagb-block-5117c6cf wp-block-button\"><div class=\"uagb-button__wrapper\"><a class=\"uagb-buttons-repeater wp-block-button__link\" aria-label=\"\" href=\"https:\/\/panel.metricboost.io\/login\" rel=\"nofollow noopener\" target=\"_self\" role=\"button\"><div class=\"uagb-button__link\">Mira tus palabras ahora<\/div><\/a><\/div><\/div>\n<\/div><\/div>\n<\/div>\n\n\n\n<div class=\"wp-block-uagb-container uagb-block-d88bb3f9\">\n<figure class=\"wp-block-image alignwide size-full\" style=\"margin-top:0;margin-right:0;margin-bottom:0;margin-left:0\"><img loading=\"lazy\" decoding=\"async\" width=\"1200\" height=\"800\" src=\"https:\/\/metricboost.io\/es\/wp-content\/uploads\/sites\/2\/2026\/02\/seo-local-keyword-finder.webp\" alt=\"Herramienta para encontrar palabras claves locales \" class=\"wp-image-1509\" srcset=\"https:\/\/metricboost.io\/es\/wp-content\/uploads\/sites\/2\/2026\/02\/seo-local-keyword-finder.webp 1200w, https:\/\/metricboost.io\/es\/wp-content\/uploads\/sites\/2\/2026\/02\/seo-local-keyword-finder-300x200.webp 300w, https:\/\/metricboost.io\/es\/wp-content\/uploads\/sites\/2\/2026\/02\/seo-local-keyword-finder-1024x683.webp 1024w, https:\/\/metricboost.io\/es\/wp-content\/uploads\/sites\/2\/2026\/02\/seo-local-keyword-finder-768x512.webp 768w\" sizes=\"auto, (max-width: 1200px) 100vw, 1200px\" \/><\/figure>\n<\/div>\n<\/div>\n\n\n\n<div class=\"wp-block-uagb-separator uagb-block-d00999b2\"><div class=\"uagb-separator-spacing-wrapper\"><div class=\"wp-block-uagb-separator__inner\" style=\"--my-background-image:\"><\/div><\/div><\/div>\n\n\n\n<div id=\"ranking-real\" class=\"wp-block-uagb-container uagb-layout-flex uagb-block-3dd8d02b default uagb-is-root-container\">\n<div class=\"wp-block-uagb-container uagb-block-617e123d\">\n<p class=\"has-ast-global-color-3-color has-text-color has-link-color wp-elements-9cd7eb1a53e3954245d975e70689c563\" style=\"margin-bottom:0\">LOCAL RANK TRACKER<\/p>\n\n\n\n<h3 class=\"wp-block-heading\" style=\"margin-top:0\">Mide el impacto de cada cambio en el ranking<\/h3>\n\n\n\n<p>Monitoriza c\u00f3mo afectan tus optimizaciones, las actualizaciones de Google o los movimientos de tu competencia en el ranking. Detecta cambios diarios en la visibilidad y reacciona r\u00e1pido.<\/p>\n\n\n\n<div class=\"wp-block-uagb-buttons uagb-buttons__outer-wrap uagb-btn__default-btn uagb-btn-tablet__default-btn uagb-btn-mobile__default-btn uagb-block-6cb14eb0\"><div class=\"uagb-buttons__wrap uagb-buttons-layout-wrap \">\n<div class=\"wp-block-uagb-buttons-child uagb-buttons__outer-wrap uagb-block-c7a61229 wp-block-button\"><div class=\"uagb-button__wrapper\"><a class=\"uagb-buttons-repeater wp-block-button__link\" aria-label=\"\" href=\"https:\/\/metricboost.io\/es\/local-seo-tracking\/\" rel=\"follow noopener\" target=\"_self\" role=\"button\"><div class=\"uagb-button__link\">Saber m\u00e1s<\/div><\/a><\/div><\/div>\n<\/div><\/div>\n<\/div>\n\n\n\n<div class=\"wp-block-uagb-container uagb-block-dcf712e0\">\n<figure class=\"wp-block-image alignwide size-full\" style=\"margin-top:0;margin-right:0;margin-bottom:0;margin-left:0\"><img loading=\"lazy\" decoding=\"async\" width=\"1200\" height=\"800\" src=\"https:\/\/metricboost.io\/es\/wp-content\/uploads\/sites\/2\/2026\/02\/Performace-_1_.webp\" alt=\"Rank tracker local\" class=\"wp-image-1516\" srcset=\"https:\/\/metricboost.io\/es\/wp-content\/uploads\/sites\/2\/2026\/02\/Performace-_1_.webp 1200w, https:\/\/metricboost.io\/es\/wp-content\/uploads\/sites\/2\/2026\/02\/Performace-_1_-300x200.webp 300w, https:\/\/metricboost.io\/es\/wp-content\/uploads\/sites\/2\/2026\/02\/Performace-_1_-1024x683.webp 1024w, https:\/\/metricboost.io\/es\/wp-content\/uploads\/sites\/2\/2026\/02\/Performace-_1_-768x512.webp 768w\" sizes=\"auto, (max-width: 1200px) 100vw, 1200px\" \/><\/figure>\n<\/div>\n<\/div>\n\n\n\n<div class=\"wp-block-uagb-separator uagb-block-a65e08e9\"><div class=\"uagb-separator-spacing-wrapper\"><div class=\"wp-block-uagb-separator__inner\" style=\"--my-background-image:\"><\/div><\/div><\/div>\n\n\n\n<div id=\"geogrids\" class=\"wp-block-uagb-container uagb-layout-flex uagb-block-f9772d75 default uagb-is-root-container\">\n<div class=\"wp-block-uagb-container uagb-block-641dd86f\">\n<p class=\"has-ast-global-color-3-color has-text-color has-link-color wp-elements-9ba241ab98e8e123bf94da0f51c6da38\" style=\"margin-bottom:0\">GEOGRID TRACKER<\/p>\n\n\n\n<h3 class=\"wp-block-heading\" style=\"margin-top:0\">Rastrea Google Maps, Local Pack, Ads e IA por separado.<\/h3>\n\n\n\n<p>Por fin, un GeoGrid que muestra la historia completa en Google Maps y el Local Pack. Filtra por resultados org\u00e1nicos, IA y anuncios en un solo escaneo para que puedas optimizar espec\u00edficamente cada canal.<\/p>\n\n\n\n<div class=\"wp-block-uagb-buttons uagb-buttons__outer-wrap uagb-btn__default-btn uagb-btn-tablet__default-btn uagb-btn-mobile__default-btn uagb-block-13b2c031\"><div class=\"uagb-buttons__wrap uagb-buttons-layout-wrap \">\n<div class=\"wp-block-uagb-buttons-child uagb-buttons__outer-wrap uagb-block-3dabc547 wp-block-button\"><div class=\"uagb-button__wrapper\"><a class=\"uagb-buttons-repeater wp-block-button__link\" aria-label=\"\" href=\"https:\/\/panel.metricboost.io\/login\" rel=\"nofollow noopener\" target=\"_self\" role=\"button\"><div class=\"uagb-button__link\">Prueba gratis<\/div><\/a><\/div><\/div>\n\n\n\n<div class=\"wp-block-uagb-buttons-child uagb-buttons__outer-wrap uagb-block-a7733237 wp-block-button\"><div class=\"uagb-button__wrapper\"><a class=\"uagb-buttons-repeater wp-block-button__link\" aria-label=\"\" href=\"https:\/\/metricboost.io\/es\/geogrid-rank-tracker\/#\" rel=\"follow noopener\" target=\"_self\" role=\"button\"><div class=\"uagb-button__link\">Saber m\u00e1s<\/div><\/a><\/div><\/div>\n<\/div><\/div>\n<\/div>\n\n\n\n<div class=\"wp-block-uagb-container uagb-block-1cb8c2b4\">\n<div class=\"wp-block-uagb-container uagb-block-be2e8ef2\">\n<figure class=\"wp-block-image size-full\"><img loading=\"lazy\" decoding=\"async\" width=\"1200\" height=\"800\" src=\"https:\/\/metricboost.io\/es\/wp-content\/uploads\/sites\/2\/2026\/02\/local-finder-vs-maps.webp\" alt=\"Herramienta de seo local geogrids\" class=\"wp-image-1540\" srcset=\"https:\/\/metricboost.io\/es\/wp-content\/uploads\/sites\/2\/2026\/02\/local-finder-vs-maps.webp 1200w, https:\/\/metricboost.io\/es\/wp-content\/uploads\/sites\/2\/2026\/02\/local-finder-vs-maps-300x200.webp 300w, https:\/\/metricboost.io\/es\/wp-content\/uploads\/sites\/2\/2026\/02\/local-finder-vs-maps-1024x683.webp 1024w, https:\/\/metricboost.io\/es\/wp-content\/uploads\/sites\/2\/2026\/02\/local-finder-vs-maps-768x512.webp 768w\" sizes=\"auto, (max-width: 1200px) 100vw, 1200px\" \/><\/figure>\n<\/div>\n<\/div>\n<\/div>\n\n\n\n<div class=\"wp-block-uagb-separator uagb-block-e3e766ae\"><div class=\"uagb-separator-spacing-wrapper\"><div class=\"wp-block-uagb-separator__inner\" style=\"--my-background-image:\"><\/div><\/div><\/div>\n\n\n\n<div id=\"analisis-rese\u00f1as\" class=\"wp-block-uagb-container uagb-layout-flex uagb-block-799c415e default uagb-is-root-container\">\n<div class=\"wp-block-uagb-container uagb-block-0c96c44c\">\n<p class=\"has-ast-global-color-3-color has-text-color has-link-color wp-elements-e116897bb21791ccbbdd00360eb83859\" style=\"margin-bottom:0\">REPUTATION ENGINE<\/p>\n\n\n\n<h3 class=\"wp-block-heading\" style=\"margin-top:0\">Audita tus rese\u00f1as y supera a tu competencia<\/h3>\n\n\n\n<p>Olvida las suposiciones: Comparamos tu rating, volumen y ritmo de rese\u00f1as con gr\u00e1ficas de cadencia en tiempo real. Auditamos fotos, el peso de los Local Guides y la relevancia de Keywords para que sepas exactamente c\u00f3mo superarlos<\/p>\n\n\n\n<div class=\"wp-block-uagb-buttons uagb-buttons__outer-wrap uagb-btn__default-btn uagb-btn-tablet__default-btn uagb-btn-mobile__default-btn uagb-block-4e5c489c\"><div class=\"uagb-buttons__wrap uagb-buttons-layout-wrap \">\n<div class=\"wp-block-uagb-buttons-child uagb-buttons__outer-wrap uagb-block-10148154 wp-block-button\"><div class=\"uagb-button__wrapper\"><a class=\"uagb-buttons-repeater wp-block-button__link\" aria-label=\"\" href=\"https:\/\/panel.metricboost.io\/login\" rel=\"nofollow noopener\" target=\"_self\" role=\"button\"><div class=\"uagb-button__link\">Prueba gratis<\/div><\/a><\/div><\/div>\n<\/div><\/div>\n<\/div>\n\n\n\n<div class=\"wp-block-uagb-container uagb-block-6bcab1a7\">\n<figure class=\"wp-block-image alignwide size-full\" style=\"margin-top:0;margin-right:0;margin-bottom:0;margin-left:0\"><img loading=\"lazy\" decoding=\"async\" width=\"1200\" height=\"800\" src=\"https:\/\/metricboost.io\/es\/wp-content\/uploads\/sites\/2\/2026\/02\/reviews-recency.webp\" alt=\"Herramienta de seo local para an\u00e1lisis de rese\u00f1as en Google Business Profile.\" class=\"wp-image-1526\" srcset=\"https:\/\/metricboost.io\/es\/wp-content\/uploads\/sites\/2\/2026\/02\/reviews-recency.webp 1200w, https:\/\/metricboost.io\/es\/wp-content\/uploads\/sites\/2\/2026\/02\/reviews-recency-300x200.webp 300w, https:\/\/metricboost.io\/es\/wp-content\/uploads\/sites\/2\/2026\/02\/reviews-recency-1024x683.webp 1024w, https:\/\/metricboost.io\/es\/wp-content\/uploads\/sites\/2\/2026\/02\/reviews-recency-768x512.webp 768w\" sizes=\"auto, (max-width: 1200px) 100vw, 1200px\" \/><\/figure>\n<\/div>\n<\/div>\n\n\n\n<div class=\"wp-block-uagb-container uagb-block-7044bcc3 alignfull uagb-is-root-container\"><div class=\"uagb-container-inner-blocks-wrap\">\n<div class=\"wp-block-uagb-container uagb-block-29f647bd\">\n<h2 class=\"wp-block-heading\">MetricBoost Mission Control<\/h2>\n<\/div>\n\n\n\n<div class=\"wp-block-uagb-container uagb-block-d2d861ce\">\n<p>Unificamos lo que antes estaba repartido en varias herramientas: Google Maps + Search Console + Google Analytics + tus datos reales + nuestras m\u00e9tricas propias.<\/p>\n<\/div>\n<\/div><\/div>\n\n\n\n<div class=\"wp-block-cover alignfull\" style=\"padding-top:0;min-height:50px;aspect-ratio:unset;\"><span aria-hidden=\"true\" class=\"wp-block-cover__background has-background-dim-100 has-background-dim has-background-gradient\" style=\"background:linear-gradient(35deg,rgb(66,25,131) 9%,rgb(66,25,131) 51%)\"><\/span><div class=\"wp-block-cover__inner-container is-layout-flow wp-block-cover-is-layout-flow\">\n<div class=\"inherit-container-width wp-block-group alignwide is-layout-constrained wp-container-core-group-is-layout-355cd437 wp-block-group-is-layout-constrained\">\n<div class=\"wp-block-group is-layout-constrained wp-block-group-is-layout-constrained\">\n<div class=\"wp-block-uagb-advanced-heading uagb-block-393569ab\"><h2 class=\"uagb-heading-text\"><br>Hecho para crecer negocios. Dise\u00f1ado para escalar agencias<\/h2><\/div>\n\n\n\n<p class=\"has-text-align-center has-ast-global-color-5-color has-text-color has-link-color wp-elements-4bc95793913955347f224b364afaeb2f\" style=\"margin-right:0;margin-left:0;font-size:24px\">Para negocios peque\u00f1os. Para medianos. Para freelance con 3 clientes o 300. Para agencias grandes, peque\u00f1as\u2026 o en pijama. Todo tu SEO local bajo control, sin complicaciones y con resultados claros.<\/p>\n<\/div>\n\n\n\n<div class=\"wp-block-uagb-buttons uagb-buttons__outer-wrap uagb-btn__large-btn uagb-btn-tablet__default-btn uagb-btn-mobile__default-btn uagb-block-3c48fb9a\"><div class=\"uagb-buttons__wrap uagb-buttons-layout-wrap \">\n<div class=\"wp-block-uagb-buttons-child uagb-buttons__outer-wrap uagb-block-73def735 wp-block-button\"><div class=\"uagb-button__wrapper\"><a class=\"uagb-buttons-repeater wp-block-button__link\" aria-label=\"\" href=\"#\" rel=\"follow noopener\" target=\"_self\" role=\"button\"><div class=\"uagb-button__link\"><strong>Quiero crecer mi negocio<\/strong><\/div><\/a><\/div><\/div>\n\n\n\n<div class=\"wp-block-uagb-buttons-child uagb-buttons__outer-wrap uagb-block-754dd125 wp-block-button\"><div class=\"uagb-button__wrapper\"><a class=\"uagb-buttons-repeater wp-block-button__link\" aria-label=\"\" href=\"#\" rel=\"follow noopener\" target=\"_self\" role=\"button\"><div class=\"uagb-button__link\">Quiero escalar mi agencia<\/div><\/a><\/div><\/div>\n<\/div><\/div>\n<\/div>\n<\/div><\/div>\n\n\n\n<div class=\"wp-block-group is-layout-constrained wp-block-group-is-layout-constrained\">\n<div class=\"wp-block-uagb-container uagb-block-a688752c alignfull uagb-is-root-container\"><div class=\"uagb-container-inner-blocks-wrap\">\n<div class=\"wp-block-uagb-container uagb-block-779188f7\">\n<div class=\"wp-block-uagb-advanced-heading uagb-block-96c9da0f\"><h2 class=\"uagb-heading-text\">Donde cualquiera se hace un crack del SEO Local<\/h2><\/div>\n<\/div>\n\n\n\n<div class=\"wp-block-uagb-container uagb-block-cff89d92\">\n<p class=\"has-text-align-left\" style=\"border-style:none;border-width:0px\">Mantente a la cabeza en las b\u00fasquedas locales con nuestros casos de estudio y estad\u00edsticas con datos de lo que realmente funciona. Ap\u00fantate para recibir tips, novedades y un mont\u00f3n de material pr\u00e1ctico que realmente funciona.<\/p>\n<\/div>\n<\/div><\/div>\n<\/div>\n\n\n\n<div class=\"wp-block-group is-layout-constrained wp-block-group-is-layout-constrained\">\n<div class=\"wp-block-uagb-container uagb-block-4ea1adc0 alignfull uagb-is-root-container\"><div class=\"uagb-container-inner-blocks-wrap\">\n<div class=\"wp-block-uagb-container uagb-block-483eec20\">\n<div class=\"wp-block-uagb-advanced-heading uagb-block-b2bb4b34\"><h3 class=\"uagb-heading-text\">Curso Pr\u00e1ctico<\/h3><\/div>\n\n\n\n<p>Accede a lecciones en v\u00eddeo, casos reales y estrategias que funcionan. Sube de nivel tus habilidades en SEO gratis.<\/p>\n<\/div>\n\n\n\n<div class=\"wp-block-uagb-container uagb-block-12d10b75\">\n<div class=\"wp-block-uagb-advanced-heading uagb-block-e1a0e771\"><h3 class=\"uagb-heading-text\">Newsletter VIP<\/h3><\/div>\n\n\n\n<p>Mantente al d\u00eda con las \u00faltimas noticias, estad\u00edsticas y trucos que usan los profesionales del SEO local.<\/p>\n<\/div>\n\n\n\n<div class=\"wp-block-uagb-container uagb-block-df9e48d8\">\n<div class=\"wp-block-uagb-advanced-heading uagb-block-5b5297dd\"><h3 class=\"uagb-heading-text\">Pregunta y Aprende<\/h3><\/div>\n\n\n\n<p>\u00bfTienes dudas sobre SEO local o la herramienta? Pregunta sin miedo: te respondemos claro y sin tecnicismos.<\/p>\n<\/div>\n<\/div><\/div>\n<\/div>\n\n\n","protected":false},"excerpt":{"rendered":"<p>El problema no es Google. Es no saber qu\u00e9 mira Google Tu competencia no es mejor, solo sabe leer el mapa mejor que t\u00fa. MetricBoost te muestra exactamente lo que ve Google: d\u00f3nde apareces, por qu\u00e9 est\u00e1s abajo y qu\u00e9 puedes hacer para subir. Ni humo, ni gur\u00fas, ni teor\u00edas raras. Solo datos que pagan [&hellip;]<\/p>\n","protected":false},"author":1,"featured_media":0,"parent":0,"menu_order":0,"comment_status":"closed","ping_status":"closed","template":"","meta":{"_uag_custom_page_level_css":"","site-sidebar-layout":"no-sidebar","site-content-layout":"plain-container","ast-site-content-layout":"normal-width-container","site-content-style":"unboxed","site-sidebar-style":"unboxed","ast-global-header-display":"","ast-banner-title-visibility":"","ast-main-header-display":"","ast-hfb-above-header-display":"","ast-hfb-below-header-display":"","ast-hfb-mobile-header-display":"","site-post-title":"disabled","ast-breadcrumbs-content":"disabled","ast-featured-img":"disabled","footer-sml-layout":"","ast-disable-related-posts":"","theme-transparent-header-meta":"enabled","adv-header-id-meta":"","stick-header-meta":"","header-above-stick-meta":"","header-main-stick-meta":"","header-below-stick-meta":"","astra-migrate-meta-layouts":"set","ast-page-background-enabled":"default","ast-page-background-meta":{"desktop":{"background-color":"var(--ast-global-color-4)","background-image":"","background-repeat":"repeat","background-position":"center center","background-size":"auto","background-attachment":"scroll","background-type":"","background-media":"","overlay-type":"","overlay-color":"","overlay-opacity":"","overlay-gradient":""},"tablet":{"background-color":"","background-image":"","background-repeat":"repeat","background-position":"center center","background-size":"auto","background-attachment":"scroll","background-type":"","background-media":"","overlay-type":"","overlay-color":"","overlay-opacity":"","overlay-gradient":""},"mobile":{"background-color":"","background-image":"","background-repeat":"repeat","background-position":"center center","background-size":"auto","background-attachment":"scroll","background-type":"","background-media":"","overlay-type":"","overlay-color":"","overlay-opacity":"","overlay-gradient":""}},"ast-content-background-meta":{"desktop":{"background-color":"var(--ast-global-color-5)","background-image":"","background-repeat":"repeat","background-position":"center center","background-size":"auto","background-attachment":"scroll","background-type":"","background-media":"","overlay-type":"","overlay-color":"","overlay-opacity":"","overlay-gradient":""},"tablet":{"background-color":"var(--ast-global-color-5)","background-image":"","background-repeat":"repeat","background-position":"center center","background-size":"auto","background-attachment":"scroll","background-type":"","background-media":"","overlay-type":"","overlay-color":"","overlay-opacity":"","overlay-gradient":""},"mobile":{"background-color":"var(--ast-global-color-5)","background-image":"","background-repeat":"repeat","background-position":"center center","background-size":"auto","background-attachment":"scroll","background-type":"","background-media":"","overlay-type":"","overlay-color":"","overlay-opacity":"","overlay-gradient":""}},"footnotes":""},"class_list":["post-567","page","type-page","status-publish","hentry"],"uagb_featured_image_src":{"full":false,"thumbnail":false,"medium":false,"medium_large":false,"large":false,"1536x1536":false,"2048x2048":false},"uagb_author_info":{"display_name":"manuel.j.gouveia@hotmail.com","author_link":"https:\/\/metricboost.io\/es\/author\/manuel-j-gouveiahotmail-com\/"},"uagb_comment_info":0,"uagb_excerpt":"El problema no es Google. Es no saber qu\u00e9 mira Google Tu competencia no es mejor, solo sabe leer el mapa mejor que t\u00fa. MetricBoost te muestra exactamente lo que ve Google: d\u00f3nde apareces, por qu\u00e9 est\u00e1s abajo y qu\u00e9 puedes hacer para subir. Ni humo, ni gur\u00fas, ni teor\u00edas raras. Solo datos que pagan&hellip;","_links":{"self":[{"href":"https:\/\/metricboost.io\/es\/wp-json\/wp\/v2\/pages\/567","targetHints":{"allow":["GET"]}}],"collection":[{"href":"https:\/\/metricboost.io\/es\/wp-json\/wp\/v2\/pages"}],"about":[{"href":"https:\/\/metricboost.io\/es\/wp-json\/wp\/v2\/types\/page"}],"author":[{"embeddable":true,"href":"https:\/\/metricboost.io\/es\/wp-json\/wp\/v2\/users\/1"}],"replies":[{"embeddable":true,"href":"https:\/\/metricboost.io\/es\/wp-json\/wp\/v2\/comments?post=567"}],"version-history":[{"count":384,"href":"https:\/\/metricboost.io\/es\/wp-json\/wp\/v2\/pages\/567\/revisions"}],"predecessor-version":[{"id":1646,"href":"https:\/\/metricboost.io\/es\/wp-json\/wp\/v2\/pages\/567\/revisions\/1646"}],"wp:attachment":[{"href":"https:\/\/metricboost.io\/es\/wp-json\/wp\/v2\/media?parent=567"}],"curies":[{"name":"wp","href":"https:\/\/api.w.org\/{rel}","templated":true}]}}